{"id":7,"date":"2020-04-20T15:20:47","date_gmt":"2020-04-20T13:20:47","guid":{"rendered":"https:\/\/www.djecjivrticvukovar1.hr\/superjebitirazlicit\/?page_id=7"},"modified":"2020-04-21T13:26:28","modified_gmt":"2020-04-21T11:26:28","slug":"o-projektu","status":"publish","type":"page","link":"https:\/\/www.djecjivrticvukovar1.hr\/superjebitirazlicit\/o-projektu\/","title":{"rendered":"O projektu"},"content":{"rendered":"\n<p><strong>NAZIV PROJEKTA: <\/strong>Super je biti razli\u010dit<\/p>\n\n\n\n<p><strong>NOSITELJ PROJEKTA<\/strong>: <a href=\"https:\/\/www.djecjivrticvukovar1.hr\/\">Dje\u010dji vrti\u0107 Vukovar I<\/a><\/p>\n\n\n\n<p><strong>PARTNER: <\/strong>Dje\u010dji vrti\u0107 Vukovar II<\/p>\n\n\n\n<p><strong>Kratki opis projekta: <\/strong>Projekt \u201cSuper je biti razli\u010dit\u201d usmjeren je na unaprije\u0111enje, razvoj i provedbu novih programa rada s darovitom djecom i djecom sa pote\u0161ko\u0107ama u razvoju (pote\u0161ko\u0107e iz autisti\u010dnog spektra) Dje\u010djeg vrti\u0107a Vukovar I i Dje\u010djeg vrti\u0107a Vukovar II. Projektom \u0107e se unaprijediti kvaliteta \u017eivota darovite djece i djece s pote\u0161ko\u0107ama u razvoju, njihovim uklju\u010divanjem u postoje\u0107e i nove programe dje\u010djih vrti\u0107a.<\/p>\n\n\n\n<p><strong>Cilj projekta: <\/strong>razvoj, unaprje\u0111enje i provedba programa rada sa darovitom djecom i djecom s pote\u0161ko\u0107ama u razvoju, kako bi se osigurala njihova bolja socijalna integracija.<\/p>\n\n\n\n<p><strong>O\u010dekivani rezultati projekta:<\/strong><\/p>\n\n\n\n<ol><li>Unaprije\u0111en postoje\u0107i program rada s darovitom djecom u Dje\u010djem vrti\u0107u Vukovar 1<\/li><li>Razvijen i certificiran program rada s darovitom djecom u Dje\u010djem vrti\u0107u Vukovar 2<\/li><li>razvijen i certificiran novi program rada za djecu s pote\u0161ko\u0107ama u razvoju (pote\u0161ko\u0107e iz autisti\u010dnog spektra) u Dje\u010djem vrti\u0107u Vukovar I i Dje\u010djem vrti\u0107u Vukovar II<\/li><\/ol>\n\n\n\n<p><strong>UKUPNA VRIJEDNOST PROJEKTA<\/strong>:&nbsp; 1.301.245,35 kn<\/p>\n\n\n\n<p><strong>IZNOS EU POTPORE:<\/strong> 1.301.245,35kn<\/p>\n\n\n\n<p><strong>RAZDOBLJE PROVEDBE PROJEKTA:<\/strong> 26.12.2019.-26.12.2022.<\/p>\n\n\n\n<p><strong>Ciljana skupina projekta <\/strong>su djeca pred\u0161kolske dobi, darovita djeca i djeca sa pote\u0161ko\u0107ama u razvoju (pote\u0161ko\u0107e iz autisti\u010dnog spektra) polaznici Dje\u010djeg vrti\u0107a 1 i Dje\u010djeg vrti\u0107a 2.<\/p>\n\n\n\n<p><strong>Projektne aktivnosti:<\/strong><\/p>\n\n\n\n<ol><li> Razvojnovih, unapre\u0111enje postoje\u0107ih programa i provedba programa za djecu u Dje\u010djem vrti\u0107u Vukovar 1 i Dje\u010djem vrti\u0107u Vukovar 2<\/li><li>Promid\u017eba i vidljivost\u00a0\u00a0\u00a0\u00a0\u00a0\u00a0\u00a0\u00a0<\/li><li>Upravljanje projektom i administracija<\/li><\/ol>\n\n\n\n<hr class=\"wp-block-separator\"\/>\n\n\n\n<p><strong>Kontakt osoba za vi\u0161e informacija:<\/strong><\/p>\n\n\n\n<p><em>Mirjana Kuli\u0107, voditeljica projekta<\/em><\/p>\n\n\n\n<p><em>Eugena Kvaternika 27, 32 000 Vukovar<\/em><\/p>\n\n\n\n<p><em>Kontakt telefon: +385 (0) 32 414 708<\/em><\/p>\n\n\n\n<p><em>E-mail: projekt.super.je.biti.razlicit@gmail.com<\/em><\/p>\n\n\n\n<hr class=\"wp-block-separator\"\/>\n\n\n\n<p>\u201eZa vi\u0161e informacija o EU fondovima posjetite: <a href=\"http:\/\/www.strukturnifondovi.hr\">www.strukturnifondovi.hr<\/a>i<a href=\"http:\/\/www.esf.hr\/\">http:\/\/www.esf.hr\/<\/a>\u201d<\/p>\n\n\n\n<p>Izradu mre\u017ene podstranice sufinancirala je Europska unija iz <a href=\"http:\/\/www.esf.hr\/\" target=\"_blank\" rel=\"noreferrer noopener\">Europskog socijalnog fonda<\/a>.<\/p>\n\n\n\n<p><em>Sadr\u017eaj mre\u017ene podstranice isklju\u010diva je odgovornost Dje\u010djeg vrti\u0107a Vukovar I.<\/em><\/p>\n","protected":false},"excerpt":{"rendered":"<p>NAZIV PROJEKTA: Super je biti razli\u010dit NOSITELJ PROJEKTA: Dje\u010dji vrti\u0107 Vukovar I PARTNER: Dje\u010dji vrti\u0107 Vukovar II Kratki opis projekta: Projekt \u201cSuper je biti razli\u010dit\u201d usmjeren je na unaprije\u0111enje, razvoj i provedbu novih programa rada s darovitom djecom i djecom sa pote\u0161ko\u0107ama u razvoju (pote\u0161ko\u0107e iz autisti\u010dnog spektra) Dje\u010djeg vrti\u0107a Vukovar I i Dje\u010djeg vrti\u0107a [&hellip;]<\/p>\n","protected":false},"author":1,"featured_media":0,"parent":0,"menu_order":0,"comment_status":"closed","ping_status":"closed","template":"","meta":[],"_links":{"self":[{"href":"https:\/\/www.djecjivrticvukovar1.hr\/superjebitirazlicit\/wp-json\/wp\/v2\/pages\/7"}],"collection":[{"href":"https:\/\/www.djecjivrticvukovar1.hr\/superjebitirazlicit\/wp-json\/wp\/v2\/pages"}],"about":[{"href":"https:\/\/www.djecjivrticvukovar1.hr\/superjebitirazlicit\/wp-json\/wp\/v2\/types\/page"}],"author":[{"embeddable":true,"href":"https:\/\/www.djecjivrticvukovar1.hr\/superjebitirazlicit\/wp-json\/wp\/v2\/users\/1"}],"replies":[{"embeddable":true,"href":"https:\/\/www.djecjivrticvukovar1.hr\/superjebitirazlicit\/wp-json\/wp\/v2\/comments?post=7"}],"version-history":[{"count":5,"href":"https:\/\/www.djecjivrticvukovar1.hr\/superjebitirazlicit\/wp-json\/wp\/v2\/pages\/7\/revisions"}],"predecessor-version":[{"id":14,"href":"https:\/\/www.djecjivrticvukovar1.hr\/superjebitirazlicit\/wp-json\/wp\/v2\/pages\/7\/revisions\/14"}],"wp:attachment":[{"href":"https:\/\/www.djecjivrticvukovar1.hr\/superjebitirazlicit\/wp-json\/wp\/v2\/media?parent=7"}],"curies":[{"name":"wp","href":"https:\/\/api.w.org\/{rel}","templated":true}]}}